{"id":200,"date":"2020-12-17T13:02:34","date_gmt":"2020-12-17T10:02:34","guid":{"rendered":"http:\/\/test.izumi-it-company.com\/001ge\/?page_id=200"},"modified":"2024-02-19T19:54:38","modified_gmt":"2024-02-19T16:54:38","slug":"company","status":"publish","type":"page","link":"http:\/\/www.general-numerics-rl.de\/de\/company\/","title":{"rendered":"Verein"},"content":{"rendered":"<div class=\"block-content secondary-top-offset\" id=\"about\">\n<h3 class=\"subtitle text-blue\">\u00dcber uns<\/h3>\n<p class=\"text dots\"><b>General Numerics Research Lab e.V.\u00a0<\/b>ist eine private, nicht-kommerzielle Forschungseinrichtung. Wir verwenden numerische Simulationen sowie f\u00fcr die Grundlagenforschung als auch f\u00fcr die Entwicklung modernster technischer und medizinischer Anwendungen und unterst\u00fctzen durch die entsprechende Zusammenarbeit auch Universit\u00e4ten und andere Forschungseinrichtungen. Die Mitglieder von General Numerics sind allesamt hochqualifizierte Physiker, Informatiker und Materialwissenschaftler, die \u00fcber umfangreiche Erfahrung in ihren jeweiligen Gebieten verf\u00fcgen. Die wissenschaftliche Qualifikation unserer Mitarbeiter wird u.a.durch zahlreiche Publikationen in f\u00fchrenden wissenschaftlichen Zeitschriften belegt &#8211; einige Beispiele k\u00f6nnen im Bereich &#8222;Ausgew\u00e4hlte Publikationen&#8220; vorgefunden werden.<\/p>\n<p class=\"text dots\">Im Rahmen einer engen Zusammenarbeit mit unseren Industriepartnern k\u00f6nnen wir auch Simulationen auf Anfrage durchf\u00fchren und so den Unternehmen helfen, ihre Zukunftstechnologien mit Hilfe modernster numerischer Verfahren zu optimieren. Tiefen Einblicke in die Physik der entsprechenden technologischen Prozesse (noch vor dem Bau von Prototypen) erm\u00f6glichen unseren Partnern eine immense Einsparung an Zeit, finanziellen Ressourcen und Arbeitskraft.<\/p>\n<p class=\"text pl-20\">Jeder, der Interesse an dieser Art der Zusammenarbeit hat, ist herzlich willkommen uns zu kontaktieren.<\/p>\n<div class=\"block-content primary-top-offset\" id=\"gender\">\n<h3 class=\"subtitle text-blue\">Gender Equality Plan<\/h3>\n<p>\t\t\t\t\t\tHier herunterladen Sie unseren Gleichstellungsplan:<br \/>\n\t\t\t\t\t\t<a href=\"http:\/\/www.general-numerics-rl.de\/Publications\/GEP_GNRL.pdf\" target=\"_blank\" rel=\"noopener\">GEP_GNRL.pdf<\/a>\n\t\t\t\t<\/div>\n<\/div>\n<div class=\"block-content primary-top-offset\" id=\"network\">\n<h3 class=\"subtitle text-blue\">Verb\u00e4nde<\/h3>\n<ul class=\"company__list secondary-top-offset\">\n<li class=\"company__item\">\n<div class=\"company__item-content\">\n<p class=\"text text-bold\">Verband Innovativer Unternehmen e.V. (VIU e.V.)<\/p>\n<\/div>\n<div class=\"company__item-img\"><img decoding=\"async\" class=\"lazy\" src=\"data:image\/gif;base64,R0lGODlhAQABAIAAAAAAAP\/\/\/yH5BAEAAAAALAAAAAABAAEAAAIBRAA7\" alt=\"img desc\" data-src=\"\/wp-content\/themes\/gennum\/html\/public\/images\/company\/company_logo-01-min.png\" \/><\/div>\n<\/li>\n<li class=\"company__item\">\n<div class=\"company__item-content\">\n<p class=\"text text-bold\">Konrad-ZUSE-Gemeinschaft e.V.<\/p>\n<\/div>\n<div class=\"company__item-img\"><img decoding=\"async\" class=\"lazy\" src=\"data:image\/gif;base64,R0lGODlhAQABAIAAAAAAAP\/\/\/yH5BAEAAAAALAAAAAABAAEAAAIBRAA7\" alt=\"img desc\" data-src=\"\/wp-content\/themes\/gennum\/html\/public\/images\/company\/company_logo-02-min.png\" \/><\/div>\n<\/li>\n<li class=\"company__item\">\n<div class=\"company__item-content\">\n<p class=\"text text-bold\">The European materials modelling council (EMMC)<\/p>\n<\/div>\n<div class=\"company__item-img\"><img decoding=\"async\" class=\"lazy\" src=\"data:image\/gif;base64,R0lGODlhAQABAIAAAAAAAP\/\/\/yH5BAEAAAAALAAAAAABAAEAAAIBRAA7\" alt=\"img desc\" data-src=\"\/wp-content\/themes\/gennum\/html\/public\/images\/company\/company_logo-03-min.png\" \/><\/div>\n<\/li>\n<li class=\"company__item\">\n<div class=\"company__item-content\">\n<p class=\"text text-bold\">Networking activities supported by<\/p>\n<\/div>\n<div class=\"company__item-img\"><img decoding=\"async\" class=\"lazy\" src=\"data:image\/gif;base64,R0lGODlhAQABAIAAAAAAAP\/\/\/yH5BAEAAAAALAAAAAABAAEAAAIBRAA7\" alt=\"img desc\" data-src=\"\/wp-content\/themes\/gennum\/html\/public\/images\/company\/company_logo-04-min.png\" \/><\/div>\n<\/li>\n<\/ul>\n<\/div>\n<div id=\"gtx-trans\" style=\"position: absolute; left: 85px; top: 367.156px;\">\n<div class=\"gtx-trans-icon\"><\/div>\n<\/div>\n","protected":false},"excerpt":{"rendered":"<p>\u00dcber uns General Numerics Research Lab e.V.\u00a0ist eine private, nicht-kommerzielle Forschungseinrichtung. Wir verwenden numerische Simulationen sowie f\u00fcr die Grundlagenforschung als auch f\u00fcr die Entwicklung modernster technischer und medizinischer Anwendungen und unterst\u00fctzen durch die entsprechende Zusammenarbeit auch Universit\u00e4ten und andere Forschungseinrichtungen. Die Mitglieder von General Numerics sind allesamt hochqualifizierte Physiker, Informatiker und Materialwissenschaftler, die \u00fcber umfangreiche [&hellip;]<\/p>\n","protected":false},"author":1,"featured_media":0,"parent":0,"menu_order":0,"comment_status":"closed","ping_status":"closed","template":"","meta":{"footnotes":""},"yoast_head":"<!-- This site is optimized with the Yoast SEO plugin v15.5 - https:\/\/yoast.com\/wordpress\/plugins\/seo\/ -->\n<title>Verein - Gen Num<\/title>\n<meta name=\"robots\" content=\"index, follow, max-snippet:-1, max-image-preview:large, max-video-preview:-1\" \/>\n<link rel=\"canonical\" href=\"http:\/\/www.general-numerics-rl.de\/de\/company\/\" \/>\n<meta property=\"og:locale\" content=\"de_DE\" \/>\n<meta property=\"og:type\" content=\"article\" \/>\n<meta property=\"og:title\" content=\"Verein - Gen Num\" \/>\n<meta property=\"og:description\" content=\"\u00dcber uns General Numerics Research Lab e.V.\u00a0ist eine private, nicht-kommerzielle Forschungseinrichtung. Wir verwenden numerische Simulationen sowie f\u00fcr die Grundlagenforschung als auch f\u00fcr die Entwicklung modernster technischer und medizinischer Anwendungen und unterst\u00fctzen durch die entsprechende Zusammenarbeit auch Universit\u00e4ten und andere Forschungseinrichtungen. Die Mitglieder von General Numerics sind allesamt hochqualifizierte Physiker, Informatiker und Materialwissenschaftler, die \u00fcber umfangreiche [&hellip;]\" \/>\n<meta property=\"og:url\" content=\"http:\/\/www.general-numerics-rl.de\/de\/company\/\" \/>\n<meta property=\"og:site_name\" content=\"Gen Num\" \/>\n<meta property=\"article:modified_time\" content=\"2024-02-19T16:54:38+00:00\" \/>\n<meta property=\"og:image\" content=\"\" \/>\n<meta name=\"twitter:card\" content=\"summary_large_image\" \/>\n<meta name=\"twitter:label1\" content=\"Gesch\u00e4tzte Lesezeit\">\n\t<meta name=\"twitter:data1\" content=\"1\u00a0Minute\">\n<script type=\"application\/ld+json\" class=\"yoast-schema-graph\">{\"@context\":\"https:\/\/schema.org\",\"@graph\":[{\"@type\":\"WebSite\",\"@id\":\"http:\/\/www.general-numerics-rl.de\/#website\",\"url\":\"http:\/\/www.general-numerics-rl.de\/\",\"name\":\"Gen Num\",\"description\":\"\\u0415\\u0449\\u0451 \\u043e\\u0434\\u0438\\u043d \\u0441\\u0430\\u0439\\u0442 \\u043d\\u0430 WordPress\",\"potentialAction\":[{\"@type\":\"SearchAction\",\"target\":\"http:\/\/www.general-numerics-rl.de\/?s={search_term_string}\",\"query-input\":\"required name=search_term_string\"}],\"inLanguage\":\"de\"},{\"@type\":\"ImageObject\",\"@id\":\"http:\/\/www.general-numerics-rl.de\/de\/company\/#primaryimage\",\"inLanguage\":\"de\",\"url\":\"data:image\/gif;base64,R0lGODlhAQABAIAAAAAAAP\/\/\/yH5BAEAAAAALAAAAAABAAEAAAIBRAA7\"},{\"@type\":\"WebPage\",\"@id\":\"http:\/\/www.general-numerics-rl.de\/de\/company\/#webpage\",\"url\":\"http:\/\/www.general-numerics-rl.de\/de\/company\/\",\"name\":\"Verein - Gen Num\",\"isPartOf\":{\"@id\":\"http:\/\/www.general-numerics-rl.de\/#website\"},\"primaryImageOfPage\":{\"@id\":\"http:\/\/www.general-numerics-rl.de\/de\/company\/#primaryimage\"},\"datePublished\":\"2020-12-17T10:02:34+00:00\",\"dateModified\":\"2024-02-19T16:54:38+00:00\",\"inLanguage\":\"de\",\"potentialAction\":[{\"@type\":\"ReadAction\",\"target\":[\"http:\/\/www.general-numerics-rl.de\/de\/company\/\"]}]}]}<\/script>\n<!-- \/ Yoast SEO plugin. -->","_links":{"self":[{"href":"http:\/\/www.general-numerics-rl.de\/de\/wp-json\/wp\/v2\/pages\/200"}],"collection":[{"href":"http:\/\/www.general-numerics-rl.de\/de\/wp-json\/wp\/v2\/pages"}],"about":[{"href":"http:\/\/www.general-numerics-rl.de\/de\/wp-json\/wp\/v2\/types\/page"}],"author":[{"embeddable":true,"href":"http:\/\/www.general-numerics-rl.de\/de\/wp-json\/wp\/v2\/users\/1"}],"replies":[{"embeddable":true,"href":"http:\/\/www.general-numerics-rl.de\/de\/wp-json\/wp\/v2\/comments?post=200"}],"version-history":[{"count":18,"href":"http:\/\/www.general-numerics-rl.de\/de\/wp-json\/wp\/v2\/pages\/200\/revisions"}],"predecessor-version":[{"id":965,"href":"http:\/\/www.general-numerics-rl.de\/de\/wp-json\/wp\/v2\/pages\/200\/revisions\/965"}],"wp:attachment":[{"href":"http:\/\/www.general-numerics-rl.de\/de\/wp-json\/wp\/v2\/media?parent=200"}],"curies":[{"name":"wp","href":"https:\/\/api.w.org\/{rel}","templated":true}]}}